{"id":20,"date":"2022-11-26T09:45:21","date_gmt":"2022-11-26T09:45:21","guid":{"rendered":"https:\/\/gandvagabond.ro\/?page_id=20"},"modified":"2023-11-16T12:52:32","modified_gmt":"2023-11-16T10:52:32","slug":"despre","status":"publish","type":"page","link":"https:\/\/gandvagabond.ro\/en\/","title":{"rendered":"Despre"},"content":{"rendered":"<p>Acesta este un proiect de cercetare, \u00een desf\u0103\u0219urare, scris \u0219i realizat de Aron Nor, cu ilustra\u021bii de Mina Mimosa, despre \u201eproblema c\u00e2inilor vagabonzi&#8221; din Rom\u00e2nia. Site-ul web are ca scop accesibilizarea informa\u021biilor revizuite \u0219i documentate \u0219i publicarea acestora \u00eentr-un format open access, f\u0103r\u0103 bariere, restric\u021bii sau costuri, de orice fel. Anumite articole vor avea un aspect mai finisat, \u00eens\u0103 e posibil ca o parte din texte s\u0103 func\u021bioneze \u0219i ca ciorne ce vor fi revizuite \u0219i aprofundate \u00een timp.<\/p>\n\t\t\t\t<img decoding=\"async\" src=\"https:\/\/gandvagabond.ro\/wp-content\/uploads\/2022\/12\/books-research.png\" alt=\"books-research\" itemprop=\"image\" title=\"books-research\" onerror=\"this.style.display='none'\"  \/>\n\t<p>Cercetarea adreseaz\u0103 o serie de \u00eentreb\u0103ri politice \u0219i filosofice legate de identit\u0103\u021bile, rolurile, rela\u021biile, spa\u021biile \u0219i imaginariile existente sau posibile dintre oameni \u0219i c\u00e2inii care tr\u0103iesc \u00een libertate. Profund influen\u021bat\u0103 de antispeciismul postumanist, teorii sociale \u0219i politice&#8230;<\/p>\n\t\t<h3><a href=\"https:\/\/gandvagabond.ro\/en\/despre-cercetare\/\" target=\"_self\" rel=\"noopener\"><\/a><\/h3>\t\t\n\t\t\t<a href=\"https:\/\/gandvagabond.ro\/en\/despre-cercetare\/\" target=\"_self\" rel=\"noopener\">\n\t\t\t\t\t\tDespre cercetare\n\t\t\t\t\t<\/a>\n\t\t\t\t<img decoding=\"async\" src=\"https:\/\/gandvagabond.ro\/wp-content\/uploads\/2022\/12\/bio-about.png\" alt=\"bio-about\" itemprop=\"image\" title=\"bio-about\" onerror=\"this.style.display='none'\"  \/>\n\t<p>Aron Nor documenteaz\u0103 \u0219i scrie despre leg\u0103turile dintre oameni \u0219i c\u00e2ini pentru a-\u0219i imagina alte moduri de a convie\u021bui cu ace\u0219tia, articolele sale sunt \u00eenso\u021bite de ilustra\u021bii realizate de Mina Mimosa care se inspir\u0103 din fotografii documentare \u0219i o estetic\u0103 solarpunk&#8230;<\/p>\n\t\t<h3><a href=\"https:\/\/gandvagabond.ro\/en\/despre-autor-si-ilustratoare\/\" target=\"_self\" rel=\"noopener\"><\/a><\/h3>\t\t\n\t\t\t<a href=\"https:\/\/gandvagabond.ro\/en\/despre-autor-si-ilustratoare\/\" target=\"_self\" rel=\"noopener\">\n\t\t\t\t\t\tDespre autor \u0219i ilustratoare\n\t\t\t\t\t<\/a>","protected":false},"excerpt":{"rendered":"<p>Acesta este un proiect de cercetare, \u00een desf\u0103\u0219urare, scris \u0219i realizat de Aron Nor, cu ilustra\u021bii de Mina Mimosa, despre \u201eproblema c\u00e2inilor vagabonzi&#8221; din Rom\u00e2nia. Site-ul web are ca scop accesibilizarea informa\u021biilor revizuite \u0219i documentate \u0219i publicarea acestora \u00eentr-un format open access, f\u0103r\u0103 bariere, restric\u021bii sau costuri, de orice fel. Anumite articole vor avea un&hellip;<\/p>","protected":false},"author":1,"featured_media":0,"parent":0,"menu_order":0,"comment_status":"closed","ping_status":"closed","template":"","meta":{"footnotes":""},"class_list":["post-20","page","type-page","status-publish","hentry"],"_links":{"self":[{"href":"https:\/\/gandvagabond.ro\/en\/wp-json\/wp\/v2\/pages\/20","targetHints":{"allow":["GET"]}}],"collection":[{"href":"https:\/\/gandvagabond.ro\/en\/wp-json\/wp\/v2\/pages"}],"about":[{"href":"https:\/\/gandvagabond.ro\/en\/wp-json\/wp\/v2\/types\/page"}],"author":[{"embeddable":true,"href":"https:\/\/gandvagabond.ro\/en\/wp-json\/wp\/v2\/users\/1"}],"replies":[{"embeddable":true,"href":"https:\/\/gandvagabond.ro\/en\/wp-json\/wp\/v2\/comments?post=20"}],"version-history":[{"count":98,"href":"https:\/\/gandvagabond.ro\/en\/wp-json\/wp\/v2\/pages\/20\/revisions"}],"predecessor-version":[{"id":625,"href":"https:\/\/gandvagabond.ro\/en\/wp-json\/wp\/v2\/pages\/20\/revisions\/625"}],"wp:attachment":[{"href":"https:\/\/gandvagabond.ro\/en\/wp-json\/wp\/v2\/media?parent=20"}],"curies":[{"name":"wp","href":"https:\/\/api.w.org\/{rel}","templated":true}]}}