{"id":22,"date":"2022-11-26T09:45:50","date_gmt":"2022-11-26T09:45:50","guid":{"rendered":"https:\/\/gandvagabond.ro\/?page_id=22"},"modified":"2024-01-22T19:02:21","modified_gmt":"2024-01-22T17:02:21","slug":"bibliografie","status":"publish","type":"page","link":"https:\/\/gandvagabond.ro\/en\/bibliografie\/","title":{"rendered":"Bibliografie"},"content":{"rendered":"<h2>\n\t\tBibliografie\n\t<\/h2>\n<h4>\n\t\t&#8211; o list\u0103 cu referin\u021bele bibliografice din articole &#8211;\n\t<\/h4>\n\t\t\t\t<img loading=\"lazy\" decoding=\"async\" src=\"https:\/\/gandvagabond.ro\/wp-content\/uploads\/2022\/11\/Despre-Ilustratie-flip.png\" alt=\"Despre-Ilustratie-flip\" itemprop=\"image\" height=\"799\" width=\"1919\" title=\"Despre-Ilustratie-flip\" onerror=\"this.style.display='none'\"  \/>\n\t<ul>\n<li>Arluke, Arnold \u0219i Andrew Rowan. <em>Underdogs: Pets, People, and Poverty.<\/em> Athens: University of Georgia Press, 2020.<\/li>\n<li>Arsene, Carmen. \u201ePROIECT PRIVIND GESTIONAREA C\u00c2INILOR CU \u0218I F\u0102R\u0102 ST\u0102P\u00c2N DIN TIMI\u0218OARA.&#8221; Pethope. 7 Martie, 2019. <a href=\"http:\/\/pethope.ro\/docs\/Pet-Hope-Timisoara-Proiect-Gestionarea-Cainilor-Fara-Stapan-Timisoara.pdf\">http:\/\/pethope.ro\/docs\/Pet-Hope-Timisoara-Proiect-Gestionarea-Cainilor-Fara-Stapan-Timisoara.pdf<\/a>.<\/li>\n<li>Asocia\u021bia Chinologilor. \u201eLegea nr. 25 privind taxa pentru de\u021binerea de c\u00eeini.&#8221; <em>C<\/em><em>\u00eeinii No\u0219tri: Buletin Documentar. <\/em>Mai 1982.<\/li>\n<li>Asocia\u021bia Chinologilor. \u201ePrevenirea accidentelor de strad\u0103.&#8221; <em>C<\/em><em>\u00eeinii No\u0219tri: Buletin Documentar. <\/em>Nr. 2, anul al VIII-lea.<\/li>\n<li>Biermann, Christine \u0219i Mansfield Becky. \u201eBiodiversity, purity, and death: conservation biology as biopolitics.&#8221; <em>Environment and Planning D: Society and Space <\/em>32, nr. 2 (Ianuarie 2014): 257-273. DOI: <a href=\"https:\/\/doi.org\/10.1068\/d13047p\">10.1068\/d13047p<\/a>.<\/li>\n<li>Bonanni, Roberto. \u201eI cani liberi, questi sconosciuti.&#8221; 17 Decembrie, 2019. <a href=\"https:\/\/robertobonanni.wordpress.com\/2019\/12\/17\/i-cani-liberi-questi-sconosciuti\/\">https:\/\/robertobonanni.wordpress.com\/2019\/12\/17\/i-cani-liberi-questi-sconosciuti\/<\/a>.<\/li>\n<li>Bonanni, Roberto. \u201eCani pericolosi e\u00a0libert\u00e0.&#8221; 12 Iulie, 2022. <a href=\"https:\/\/robertobonanni.wordpress.com\/2022\/07\/12\/cani-pericolosi-e-liberta\/\">https:\/\/robertobonanni.wordpress.com\/2022\/07\/12\/cani-pericolosi-e-liberta\/<\/a>.<\/li>\n<li>Borcea, \u0218tefan. \u201eM\u0103suri crude pentru st\u00e2rpirea c\u00e2inilor vagabonzi din Foc\u0219aniul secolul XX: erau uci\u0219i cu dioxid de carbon, iar hingherii aduceau urechile maidanezilor prin\u0219i.&#8221; <em>Adev<\/em><em>\u0103rul<\/em>. 29 Aprilie, 2015. <a href=\"https:\/\/adevarul.ro\/locale\/focsani\/masurile-crude-starpirea-cainilor-vagabonzi-focsaniul-secolul-xx-erau-ucisi-dioxid-carbon-hingherii-aduceau-urechile-maidanezilor-prinsi-1_5540c9fdcfbe376e35ae12af\/index.html\">https:\/\/adevarul.ro\/locale\/focsani\/masurile-crude-starpirea-cainilor-vagabonzi-focsaniul-secolul-xx-erau-ucisi-dioxid-carbon-hingherii-aduceau-urechile-maidanezilor-prinsi-1_5540c9fdcfbe376e35ae12af\/index.html<\/a>.<\/li>\n<li>Brady, Benjamin. \u201eThe Politics of the Pound: Controlling Loose Dogs in Nineteenth-Century New York City.&#8221; <em>Jefferson Journal of Science and Culture<\/em>, nr. 2 (2012). <a href=\"https:\/\/journals.sfu.ca\/jjsc\/index.php\/journal\/article\/view\/7\">https:\/\/journals.sfu.ca\/jjsc\/index.php\/journal\/article\/view\/7<\/a>.<\/li>\n<li>Brown, Frederick L. <em>The city is more than human: an animal history of Seattle.<\/em> Seattle: University of Washington Press, 2017.<\/li>\n<li>Calarco, Matthew. <em>Beyond the Anthropological Difference.<\/em> Fullerton: Cambridge University Press, 2020.<\/li>\n<li>Calarco, Matthew. <em>Thinking Through Animals: Identity, Difference, Indistinction.<\/em> Stanford: Stanford University Press, 2015.<\/li>\n<li>Calarco, Matthew. <em>Zoographies: The Question of the Animal from Heidegger to Derrida.<\/em> New York: Columbia University Press, 2008.<\/li>\n<li>Cavalieri, Davide. \u201eNO PET &#8211; Liberi e Randagi.&#8221; Radiobau. 24 Mai, 2018. <a href=\"https:\/\/radiobau.it\/2018\/05\/24\/no-pet-liberi-randagi\/\">https:\/\/radiobau.it\/2018\/05\/24\/no-pet-liberi-randagi\/<\/a>.<\/li>\n<li>Cole, Fiona \u0219i Carlo Cesario, regizori \u0219i scriitori. \u201eMondo Stray &#8211; Episode 3 of 4.&#8221; Filo Films TV, 17 Aprilie 2021, 48:36. <a href=\"https:\/\/youtu.be\/N48Ipg_MXDw\">youtu.be\/N48Ipg_MXDw<\/a>.<\/li>\n<li>Colling, Sarat. <em>Animal Resistance in the Global Capitalist Era.<\/em> East Lansing: Michigan State University Press, 2020.<\/li>\n<li>Crawford, Heather M. \u0219i Michael C. Calver \u0219i Patricia A. Fleming. \u201eA Case of Letting the Cat Out of the Bag-Why Trap-Neuter-Return Is Not an Ethical Solution for Stray Cat (Felis Catus) Management.&#8221; <em>Animals <\/em>9, nr. 4 (Aprilie 2019): 171. DOI: <a href=\"https:\/\/doi.org\/10.3390\/ani9040171\">10.3390\/ani9040171<\/a>.<\/li>\n<li>Cre\u0163an, Remus. \u201eMapping protests against dog culling in post-communist Romania.&#8221; <em>Area <\/em>47, nr. 2 (Ianuarie 2015): 155-165. DOI: <a href=\"https:\/\/doi.org\/10.1111\/area.12155\">10.1111\/area.12155<\/a>.<\/li>\n<li>Cudworth, Erika. <em>Developing Ecofeminist Theory: The Complexity of Difference.<\/em> Basingstoke: Palgrave Macmillan, 2005.<\/li>\n<li>Donaldson, Sue \u0219i Will Kymlicka. <em>Zoopolis: A Political Theory of Animal Rights. <\/em>New York: Oxford University Press, 2011.<\/li>\n<li>European Centre for Disease Prevention and Control. \u201eRabies.&#8221; \u00cen <em>ECDC. Annual epidemiological report for 2019. <\/em>Stockholm: ECDC, 2021. <a href=\"https:\/\/www.ecdc.europa.eu\/sites\/default\/files\/documents\/AER-rabies-2019_0.pdf\">https:\/\/www.ecdc.europa.eu\/sites\/default\/files\/documents\/AER-rabies-2019_0.pdf<\/a>.<\/li>\n<li>Fanteziu, Ionu\u021b. \u201eC\u00e2inii comunitari, o problem\u0103 istoric\u0103 invocat\u0103 \u015fi de Mihai Eminescu. Iat\u0103 ce a scris \u00een urm\u0103 cu 135 de ani.&#8221; <em>EVZ<\/em>. 29 Noiembrie, 2011. <a href=\"https:\/\/evz.ro\/cainii-comunitari-o-problema-istorica-invocata-si-de-mihai-eminescu-iata-ce-a-scris-in-u-95.html\">https:\/\/evz.ro\/cainii-comunitari-o-problema-istorica-invocata-si-de-mihai-eminescu-iata-ce-a-scris-in-u-95.html<\/a>.<\/li>\n<li>Farhoody, Parvene, Indika Mallawaarachchi, Patrick M. Tarwater, James A. Serpell, Deborah L. Duffy \u0219i Chris Zink. \u201eAggression toward Familiar People, Strangers, and Conspecifics in Gonadectomized and Intact Dogs.&#8221; <em>Frontiers in Veterinary Science <\/em>5 (Februarie 2018): 18. DOI: <a href=\"https:\/\/doi.org\/10.3389\/fvets.2018.00018\">10.3389\/fvets.2018.00018<\/a>.<\/li>\n<li>Frommer, Stephanie S. \u0219i Arnold Arluke, \u201eLoving them to death: Blame-displacing strategies of animal shelter workers and surrenderers.&#8221; <em>Society &amp; Animals <\/em>7, nr. 1 (Ianuarie 1999): 1-16. DOI: <a href=\"https:\/\/doi.org\/10.1163\/156853099X00121\">10.1163\/156853099X00121<\/a>.<\/li>\n<li>Goodfellow, Aiyana. <em>Radical Companionship: Rejecting Pethood and Embracing Our Multispecies World.<\/em> Active Distribution, 2021.<\/li>\n<li>Holmberg, Tora. <em>Urban Animals: Crowding in Zoocities.<\/em> Londra: Routledge, 2015.<\/li>\n<li>Howell, Philip. <em>At Home and Astray: The Domestic Dog in Victorian Britain.<\/em> Charlottesville: University of Virginia Press, 2015.<\/li>\n<li>Hribal, Jason. <em>Fear of the animal planet: The hidden history of animal resistance<\/em>. AK Press, 2011.<\/li>\n<li>Hribal, Jason. \u201e\u00abAnimals are part of the working class\u00bb: a challenge to labor history.&#8221; <em>Labor history<\/em> 44, nr. 4 (2003): 435-453. DOI: <a href=\"https:\/\/doi.org\/10.1080\/0023656032000170069\">10.1080\/0023656032000170069<\/a>.<\/li>\n<li>Hubbard, Phil \u0219i Andrew Brooks. \u201eAnimals and urban gentrification: Displacement and injustice in the trans-species city.&#8221; <em>Progress in human geography<\/em> 45, nr. 6 (2021): 1490-1511. DOI: <a href=\"https:\/\/doi.org\/10.1177\/0309132520986221\">10.1177\/0309132520986221<\/a>.<\/li>\n<li>Hughes, Joelene \u0219i David W. Macdonald. \u201eA review of the interactions between free-roaming domestic dogs and wildlife.&#8221; <em>Biological Conservation<\/em> 157 (Ianuarie 2013): 341-351. DOI: <a href=\"https:\/\/doi.org\/10.1016\/j.biocon.2012.07.005\">10.1016\/j.biocon.2012.07.005<\/a>.<\/li>\n<li>IPBES. <em>Global assessement report of the Intergovernmental Science-Policy Platform on Biodiversity and Ecosystem Services<\/em>. Editat de E. S. Brond\u00edzio, J. Settele, S. D\u00edaz \u0219i H. T. Ngo. Bonn: IPBES secretariat, 2019.<\/li>\n<li>Jerolmack, Colin. \u201eHow pigeons became rats: The cultural-spatial logic of problem animals.&#8221; <em>Social problems<\/em> 55, nr. 1 (Februarie 2008): 72-94. DOI: <a href=\"https:\/\/doi.org\/10.1525\/sp.2008.55.1.72\">10.1525\/sp.2008.55.1.72<\/a>.<\/li>\n<li>Karamaniola, Lavrentia. <em>Bucharest Barks: Street Dogs, Urban Lifestyle Aspirations, and the Non-Civilized City<\/em>. Tez\u0103 de doctorat. University of Michigan, 2017.<\/li>\n<li>Kean, Hilda. <em>The Great Cat and Dog Massacre: The Real Story of World War Two<\/em><em>&#8216;s Unknown Tragedy.<\/em> Chicago: University of Chicago Press, 2017.<\/li>\n<li>Keith, Thomas. <em>Man and the Natural World: Changing Attitudes in England 1500-1800. <\/em>Penguin Books, 1984.<\/li>\n<li>Kutzler, Michelle A. \u201eGonad-sparing surgical sterilization in dogs.&#8221; <em>Frontiers in Veterinary Science<\/em> 7 (Iunie 2020): 342. DOI: <a href=\"https:\/\/doi.org\/10.3389\/fvets.2020.00342\">10.3389\/fvets.2020.00342<\/a>.<\/li>\n<li>Kutzler, Michelle A. \u201ePossible Relationship Between Long-Term Adverse Health Effects of Gonad-Removing Surgical Sterilization and Luteinizing Hormone in Dogs.&#8221; <em>Animals <\/em>10, nr. 4 (Aprilie 2020): 599. DOI: <a href=\"https:\/\/doi.org\/10.3390\/ani10040599\">10.3390\/ani10040599<\/a>.<\/li>\n<li>Latour, Bruno. <em>Nu am fost niciodat<\/em><em>\u0103 moderni. Eseu de antropologie simetric\u0103. <\/em>Traducere de Bogdan Ghiu. Cluj-Napoca: Tact, 2015.<\/li>\n<li>Lippit, Akira Mizuta. \u201eThe Death of an Animal.&#8221; <em>Film Quarterly <\/em>56, nr. 1 (2002): 9-22. DOI: <a href=\"https:\/\/doi.org\/10.1525\/fq.2002.56.1.9\">10.1525\/fq.2002.56.1.9<\/a>.<\/li>\n<li>Lord, Kathryn, Mark Feinstein, Bradley Smith \u0219i Raymond Coppinger. \u201eVariation in reproductive traits of members of the genus Canis with special attention to the domestic dog (Canis familiaris).&#8221; <em>Behavioural processes<\/em> 92 (Ianuarie 2013): 131-142. DOI: 10.1016\/j.beproc.2012.10.009.<\/li>\n<li>Marchesini, Roberto, \u201eSono un cane e non sono nato per&#8230;&#8221; Pet Levrieri (blog). 27 Noiembrie, 2015. <a href=\"https:\/\/www.petlevrieri.it\/cultura-cinofila-articoli\/sono-un-cane-e-non-sono-nato-per-di-roberto-marchesini\/\">https:\/\/www.petlevrieri.it\/cultura-cinofila-articoli\/sono-un-cane-e-non-sono-nato-per-di-roberto-marchesini\/<\/a>.<\/li>\n<li>Marchesini, Roberto. <em>Over the Human: Post-Humanism and the Concept of Animal Epiphany.<\/em> Vol. 4. Springer, 2017.<\/li>\n<li>Marchesini, Roberto. \u201eAnimals of the city.&#8221; <em>Angelaki<\/em> 21, nr. 1 (Aprilie 2016): 79-91. DOI: <a href=\"https:\/\/doi.org\/10.1080\/0969725X.2016.1163825\">10.1080\/0969725X.2016.1163825<\/a>.<\/li>\n<li>Martelli, Maria. \u201eDespre porumbei \u0219i oameni. \u00cen c\u0103utarea unei responsabilit\u0103\u021bi non-antropocentrice.&#8221; 17 Februarie, 2022. <a href=\"https:\/\/iscoada.com\/text\/despre-porumbei-si-oameni-in-cautarea-unei-responsabilitati-non-antropocentrice\/\">https:\/\/iscoada.com\/text\/despre-porumbei-si-oameni-in-cautarea-unei-responsabilitati-non-antropocentrice\/<\/a>.<\/li>\n<li>Mihailescu, Vintil\u0103. <em>Povestea maidanezului Leu<\/em><em>\u021bu. Despre noua ordine domestic\u0103 \u0219i criza omului.<\/em> Chi\u0219in\u0103u: Cartier, 2013.<\/li>\n<li>Morton, Timothy. <em>Humankind: Solidarity with non-human people.<\/em> Londra<em>: <\/em>Verso Books, 2017.<\/li>\n<li>Narayanan, Yamini. \u201eStreet dogs at the intersection of colonialism and informality: &#8216;Subaltern animism&#8217; as a posthuman critique of Indian cities.&#8221; <em>Environment and Planning D: Society and Space<\/em> 35, nr. 3 (2017): 475-494. DOI: <a href=\"https:\/\/doi.org\/10.1177\/0263775816672860\">10.1177\/0263775816672860<\/a>.<\/li>\n<li>Nibert, David. <em>Animal Oppression and Human Violence: Domesecration, Capitalism, and Global Conflict.<\/em> New York: Columbia University Press, 2013.<\/li>\n<li>Nor, Aron. \u201eO ontologie c\u0103tre to\u021bi \u0219i toate. \u00cempletirea filosofiei orientate pe obiect cu politicile non-antropocentrice.&#8221; <em>Post\/h\/um. Jurnal De Studii Postumaniste <\/em>(2020). <a href=\"https:\/\/posthum.ro\/articole\/aron-nor-o-ontologie-catre-toti-si-toate\/\">https:\/\/posthum.ro\/articole\/aron-nor-o-ontologie-catre-toti-si-toate\/<\/a>.<\/li>\n<li>Oipa Italia. \u201eCONFERENZA \u00abIL RANDAGISMO CANINO NEL SUD ITALIA: CONOSCERLO PER GESTIRLO\u00bb.&#8221; Februarie 24, 2017. 2:16. <a href=\"https:\/\/youtu.be\/2DB5pjZR6bE\">youtu.be\/2DB5pjZR6bE<\/a>.<\/li>\n<li>Opincaru, Irina \u0219i Monica Vasile. \u201eStudiu de percep\u021bie privind animalele domestice hoinare \u0219i f\u0103r\u0103 st\u0103p\u00e2n \u00een Rom\u00e2nia.&#8221; (Martie 2022).<\/li>\n<li>Palmer, Clare. \u201eColonization, urbanization, and animals.&#8221; <em>Philosophy &amp; Geography<\/em> 6, nr. 1 (2003): 47-58. DOI: <a href=\"https:\/\/doi.org\/10.1080\/1090377032000063315\">10.1080\/1090377032000063315<\/a>.<\/li>\n<li>Palmer, Clare. \u201eKilling animals in animal shelters.&#8221; \u00cen <em>Killing Animals<\/em>, editat\u0103 de The Animal Studies Group, 170-187. Urbana: University of Illinois Press, 2006.<\/li>\n<li>Palmer, Clare. \u201e\u00abTaming the wild profusion of existing things\u00bb? A study of Foucault, power, and Human\/Animal relationships.&#8221; \u00cen <em>Foucault and Animals, <\/em>editat\u0103 de Matthew Chrulew \u0219i Dinesh Joseph Wadiwel, 107-131. Leiden: Brill, 2017.<\/li>\n<li>Parsemus. \u201eHormone-Sparing Sterilization.&#8221; Accesat \u00een 9 Ianuarie, 2022. <a href=\"https:\/\/www.parsemus.org\/pethealth\/hormone-sparing-sterilization\/\">https:\/\/www.parsemus.org\/pethealth\/hormone-sparing-sterilization\/<\/a>.<\/li>\n<li>Patronek, Gary J., Jeffrey J. Sacks, Karen M. Delise, Donald V. Cleary \u0219i Amy R. Marder. \u201eCo-occurrence of potentially preventable factors in 256 dog bite-related fatalities in the United States (2000-2009).&#8221; Journal of the American Veterinary Medical Association 243, nr. 12 (Decembrie 2013): 1726-1736. DOI: <a href=\"https:\/\/doi.org\/10.2460\/javma.243.12.1726\">10.2460\/javma.243.12.1726<\/a>.<\/li>\n<li>Pearson, Chris. <em>Dogopolis: How Dogs and Humans Made Modern New York, London, and Paris. <\/em>Chicago: University of Chicago Press, 2021.<\/li>\n<li>Pencea, Roxana \u0219i Tudor Br\u0103d\u0103\u021ban. \u201eStray Dogs in Romania &#8211; Policies, legal framework and solutions.&#8221; <em>Friedrich-Ebert-Stiftung<\/em> (Ianuarie 2015). <a href=\"https:\/\/library.fes.de\/pdf-files\/bueros\/bukarest\/11281-20150428.pdf\">https:\/\/library.fes.de\/pdf-files\/bueros\/bukarest\/11281-20150428.pdf<\/a>.<\/li>\n<li>Pierce, Jessica. <em>Run, Spot, Run: The Ethics of Keeping Pets.<\/em> Chicago: University of Chicago Press, 2016.<\/li>\n<li>Pilot, Ma\u0142gorzata et al. \u201eOn the origin of mongrels: evolutionary history of free-breeding dogs in Eurasia.&#8221; <em>Proceedings of the Royal Society B: Biological Sciences <\/em>282, nr. 1820 (Noiembrie 2015): 20152189. DOI: <a href=\"https:\/\/doi.org\/10.1098\/rspb.2015.2189\">10.1098\/rspb.2015.2189<\/a>.<\/li>\n<li>Ram\u00edrez, Victor, regizor. \u201eDocumental Matapaco (2013).&#8221; En Marcha, 24 Decembrie 2013, 19:52. <a href=\"https:\/\/youtu.be\/wiEFhAAWCiw\">youtu.be\/wiEFhAAWCiw<\/a>.<\/li>\n<li>Reichler, IM. \u201eGonadectomy in Cats and Dogs: A Review of Risks and Benefits.&#8221; <em>Reproduction in Domestic Animals <\/em>44, nr. 2 (Iulie 2009): 29-35. DOI: <a href=\"https:\/\/doi.org\/10.1111\/j.1439-0531.2009.01437.x\">10.1111\/j.1439-0531.2009.01437.x<\/a>.<\/li>\n<li>Sarenbo, Sirkku \u0219i P. Andreas Svensson. \u201eBitten or struck by dog: A rising number of fatalities in Europe, 1995-2016.&#8221; <em>Forensic science international<\/em> 318 (Ianuarie 2021): 110592. DOI: <a href=\"https:\/\/doi.org\/10.1016\/j.forsciint.2020.110592\">10.1016\/j.forsciint.2020.11059<\/a>.<\/li>\n<li>Shingne, Marie Carmen. \u201eThe more-than-human right to the city: A multispecies reevaluation.&#8221; <em>Journal of Urban Affairs<\/em> 44, nr. 2 (Aprilie 2022): 137-155. DOI: <a href=\"https:\/\/doi.org\/10.1080\/07352166.2020.1734014\">10.1080\/07352166.2020.1734014<\/a>.<\/li>\n<li>Srinivasan, Krithika \u0219i Kasturirangan Rajesh. \u201eConservation and invasive alien species: violent love.&#8221; \u00cen <em>The Palgrave international handbook of animal abuse studies,<\/em> editat\u0103 de J. Maher, H. Pierpoint \u0219i P. Beirne, 433-452. London: Palgrave Macmillan, 2017. DOI: <a href=\"https:\/\/doi.org\/10.1057\/978-1-137-43183-7_20\">10.1057\/978-1-137-43183-7_20<\/a>.<\/li>\n<li>Srinivasan, Krithika \u0219i Vijay K. Nagaraj. \u201eDeconstructing the human gaze: stray dogs, indifferent governance and prejudiced reactions.&#8221; <em>Economic and Political Weekly <\/em>42, nr. 13 (Martie 2007): 1085-1086. <a href=\"https:\/\/dro.dur.ac.uk\/10475\/\">https:\/\/dro.dur.ac.uk\/10475\/<\/a>.<\/li>\n<li>Srinivasan, Krithika, Tim Kurz, Pradeep Kuttuva \u0219i Chris Pearson. \u201eReorienting rabies research and practice: Lessons from India.&#8221; <em>Palgrave Communications <\/em>5, nr. 1 (Decembrie 2019): 152. DOI: <a href=\"https:\/\/doi.org\/10.1057\/s41599-019-0358-y\">10.1057\/s41599-019-0358-y<\/a>.<\/li>\n<li>Srinivasan, Krithika. \u201eRemaking more-than-human society: Thought experiments on street dogs as \u00ab\u2060nature\u00bb.&#8221; <em>Transactions of the Institute of British Geographers <\/em>44, nr. 2 (Februarie 2019): 376-391. DOI: <a href=\"https:\/\/doi.org\/10.1111\/tran.12291\">10.1111\/tran.12291<\/a>.<\/li>\n<li>Srinivasan, Krithika. \u201eThe biopolitics of animal being and welfare: dog control and care in the UK and India.&#8221; <em>Transactions of the Institute of British Geographers<\/em> 38, nr. 1 (2013): 106-119. DOI: <a href=\"https:\/\/doi.org\/10.1111\/j.1475-5661.2012.00501.x\">10.1111\/j.1475-5661.2012.00501.x<\/a>.<\/li>\n<li>Troglodita Tribe. <em>CHIUDIAMO I CANILI!.<\/em> Ortica Editrice, 2021.<\/li>\n<li>Tuan, Yi-Fu. <em>Dominance and Affection: The Making of Pets.<\/em> Yale University Press, 1984.<\/li>\n<li>Urfer, Silvan R. \u0219i Matt Kaeberlein. \u201eDesexing Dogs: A Review of the Current Literature.&#8221; <em>Animals<\/em> 9, nr. 12 (Decembrie 2019): 1086. DOI: <a href=\"https:\/\/doi.org\/10.3390\/ani9121086\">10.3390\/ani9121086<\/a>.<\/li>\n<li>Wadiwel, Dinesh. <em>The war against animals.<\/em> Leiden: Brill, 2015.<\/li>\n<li>Wang, Guo-Dong, Weiwei Zhai, He-Chuan Yang, Lu Wang, Li Zhong, Yan-Hu Liu, Ruo-Xi Fan et al. \u201eOut of southern East Asia: the natural history of domestic dogs across the world.&#8221; <em>Cell research<\/em> 26, nr. 1 (Ianuarie 2016): 21-33. DOI: <a href=\"https:\/\/doi.org\/10.1038\/cr.2015.147\">10.1038\/cr.2015.147<\/a>.<\/li>\n<li>Wikipedia. \u201eMaidanez.&#8221; Accesat pe 22 Iunie, 2022. <a href=\"https:\/\/ro.wikipedia.org\/wiki\/Maidanez\">https:\/\/ro.wikipedia.org\/wiki\/Maidanez<\/a>.<\/li>\n<li>Zournazi, Mary, regizor. \u201eDogs of Democracy.&#8221; 31 August 2017, 58 min.<\/li>\n<\/ul>","protected":false},"excerpt":{"rendered":"<p>Bibliografie &#8211; o list\u0103 cu referin\u021bele bibliografice din articole &#8211; Arluke, Arnold \u0219i Andrew Rowan. Underdogs: Pets, People, and Poverty. Athens: University of Georgia Press, 2020. Arsene, Carmen. \u201ePROIECT PRIVIND GESTIONAREA C\u00c2INILOR CU \u0218I F\u0102R\u0102 ST\u0102P\u00c2N DIN TIMI\u0218OARA.&#8221; Pethope. 7 Martie, 2019. http:\/\/pethope.ro\/docs\/Pet-Hope-Timisoara-Proiect-Gestionarea-Cainilor-Fara-Stapan-Timisoara.pdf. Asocia\u021bia Chinologilor. \u201eLegea nr. 25 privind taxa pentru de\u021binerea de c\u00eeini.&#8221; C\u00eeinii&hellip;<\/p>","protected":false},"author":1,"featured_media":0,"parent":0,"menu_order":0,"comment_status":"closed","ping_status":"closed","template":"","meta":{"footnotes":""},"class_list":["post-22","page","type-page","status-publish","hentry"],"_links":{"self":[{"href":"https:\/\/gandvagabond.ro\/en\/wp-json\/wp\/v2\/pages\/22","targetHints":{"allow":["GET"]}}],"collection":[{"href":"https:\/\/gandvagabond.ro\/en\/wp-json\/wp\/v2\/pages"}],"about":[{"href":"https:\/\/gandvagabond.ro\/en\/wp-json\/wp\/v2\/types\/page"}],"author":[{"embeddable":true,"href":"https:\/\/gandvagabond.ro\/en\/wp-json\/wp\/v2\/users\/1"}],"replies":[{"embeddable":true,"href":"https:\/\/gandvagabond.ro\/en\/wp-json\/wp\/v2\/comments?post=22"}],"version-history":[{"count":8,"href":"https:\/\/gandvagabond.ro\/en\/wp-json\/wp\/v2\/pages\/22\/revisions"}],"predecessor-version":[{"id":677,"href":"https:\/\/gandvagabond.ro\/en\/wp-json\/wp\/v2\/pages\/22\/revisions\/677"}],"wp:attachment":[{"href":"https:\/\/gandvagabond.ro\/en\/wp-json\/wp\/v2\/media?parent=22"}],"curies":[{"name":"wp","href":"https:\/\/api.w.org\/{rel}","templated":true}]}}