{"id":32,"date":"2022-11-26T12:01:10","date_gmt":"2022-11-26T10:01:10","guid":{"rendered":"https:\/\/gandvagabond.ro\/?page_id=32"},"modified":"2024-06-28T19:05:47","modified_gmt":"2024-06-28T17:05:47","slug":"contact","status":"publish","type":"page","link":"https:\/\/gandvagabond.ro\/en\/contact\/","title":{"rendered":"Contact"},"content":{"rendered":"<h2>\n\t\tContact\n\t<\/h2>\n<h4>\n\t\t&#8211; pentru discu\u021bii, \u00eentreb\u0103ri, \u0219i propuneri legate de cercetare, scrie-mi oric\u00e2nd &#8211;\n\t<\/h4>\n\t\t\t<a href=\"https:\/\/www.facebook.com\/profile.php?id=100040784761322\" target=\"_blank\" rel=\"noopener\">\n\t\t\t\t\t\t\t<\/a>\n\t\t\t<a href=\"https:\/\/twitter.com\/NonHumanX\" target=\"_blank\" rel=\"noopener\">\n\t\t\t\t\t\t\t<\/a>\n\t\t\t<a href=\"https:\/\/www.instagram.com\/aron.nor\/\" target=\"_blank\" rel=\"noopener\">\n\t\t\t\t\t\t\t<\/a>\n\t\t\t<a href=\"https:\/\/aronnor.ro\/\" target=\"_blank\" rel=\"noopener\">\n\t\t\t\t\t\t\t<\/a>\n\t\t\t\t<img loading=\"lazy\" decoding=\"async\" src=\"https:\/\/gandvagabond.ro\/wp-content\/uploads\/2022\/11\/Contact-Ilustratie.png\" alt=\"Contact-Ilustratie\" itemprop=\"image\" height=\"800\" width=\"1920\" title=\"Contact-Ilustratie\" onerror=\"this.style.display='none'\"  \/>\n\t<p>Dac\u0103 dore\u0219ti s\u0103 m\u0103 invi\u021bi undeva \u00eens\u0103, te rog ia \u00een considerare faptul c\u0103 m\u0103 identific ca fiind disabled \u0219i neurodivergent, iar uneori am nevoie de mult timp, sau de un mediu particular, pentru a m\u0103 putea concentra. Ca atare \u021bin foarte mult la propria mea rutin\u0103 \u0219i intimitate pentru a func\u021biona. De asemenea, mereu am ales s\u0103 p\u0103strez un anumit grad de anonimitate \u00een ceea ce fac nu doar din motive personale, ci \u0219i ideologice, a\u0219a c\u0103 prefer s\u0103 particip doar \u00een proiecte, interviuri \u0219i colabor\u0103ri care nu sunt live, nu necesit\u0103 prezen\u021b\u0103 fizic\u0103 \u0219i nu au un deadline extrem de restrictiv. Scrie-mi oric\u00e2nd pe: <strong>aronnor@protonmail.com<\/strong><\/p>","protected":false},"excerpt":{"rendered":"<p>Contact &#8211; pentru discu\u021bii, \u00eentreb\u0103ri, \u0219i propuneri legate de cercetare, scrie-mi oric\u00e2nd &#8211; Dac\u0103 dore\u0219ti s\u0103 m\u0103 invi\u021bi undeva \u00eens\u0103, te rog ia \u00een considerare faptul c\u0103 m\u0103 identific ca fiind disabled \u0219i neurodivergent, iar uneori am nevoie de mult timp, sau de un mediu particular, pentru a m\u0103 putea concentra. Ca atare \u021bin foarte&hellip;<\/p>","protected":false},"author":1,"featured_media":0,"parent":0,"menu_order":0,"comment_status":"closed","ping_status":"closed","template":"","meta":{"footnotes":""},"class_list":["post-32","page","type-page","status-publish","hentry"],"_links":{"self":[{"href":"https:\/\/gandvagabond.ro\/en\/wp-json\/wp\/v2\/pages\/32","targetHints":{"allow":["GET"]}}],"collection":[{"href":"https:\/\/gandvagabond.ro\/en\/wp-json\/wp\/v2\/pages"}],"about":[{"href":"https:\/\/gandvagabond.ro\/en\/wp-json\/wp\/v2\/types\/page"}],"author":[{"embeddable":true,"href":"https:\/\/gandvagabond.ro\/en\/wp-json\/wp\/v2\/users\/1"}],"replies":[{"embeddable":true,"href":"https:\/\/gandvagabond.ro\/en\/wp-json\/wp\/v2\/comments?post=32"}],"version-history":[{"count":37,"href":"https:\/\/gandvagabond.ro\/en\/wp-json\/wp\/v2\/pages\/32\/revisions"}],"predecessor-version":[{"id":682,"href":"https:\/\/gandvagabond.ro\/en\/wp-json\/wp\/v2\/pages\/32\/revisions\/682"}],"wp:attachment":[{"href":"https:\/\/gandvagabond.ro\/en\/wp-json\/wp\/v2\/media?parent=32"}],"curies":[{"name":"wp","href":"https:\/\/api.w.org\/{rel}","templated":true}]}}