{"id":371,"date":"2022-12-06T13:15:33","date_gmt":"2022-12-06T11:15:33","guid":{"rendered":"https:\/\/gandvagabond.ro\/?page_id=371"},"modified":"2023-11-15T20:45:54","modified_gmt":"2023-11-15T18:45:54","slug":"despre-cercetare","status":"publish","type":"page","link":"https:\/\/gandvagabond.ro\/en\/despre-cercetare\/","title":{"rendered":"Cercetare"},"content":{"rendered":"<h2>\n\t\tDespre cercetare\n\t<\/h2>\n<h4>\n\t\t&#8211; perspective, pozi\u021bii, paradigme &#8211;\n\t<\/h4>\n\t\t\t\t<img decoding=\"async\" src=\"https:\/\/gandvagabond.ro\/wp-content\/uploads\/2022\/12\/books-research.png\" alt=\"books-research\" itemprop=\"image\" title=\"books-research\" onerror=\"this.style.display='none'\"  \/>\n\t<p>Aceast\u0103 cercetare adreseaz\u0103 o serie de \u00eentreb\u0103ri politice \u0219i filosofice legate de identit\u0103\u021bile, rolurile, rela\u021biile, spa\u021biile \u0219i imaginariile existente sau posibile dintre oameni \u0219i c\u00e2inii care tr\u0103iesc \u00een libertate. Profund influen\u021bat\u0103 de antispeciismul postumanist, teorii sociale \u0219i politice, orient\u0103ri etologice, ecologice, epistemologice, ontologice, semiotice, istorice \u0219i geografice anti-antropocentrice atente la alte animale, precum \u0219i de numeroase studii \u0219tiin\u021bifice \u0219i analize pe subiect, cercetarea se situeaz\u0103 \u00een c\u00e2mpul de studii critice despre animale, viz\u00e2nd diferite probleme ce \u021bin de justi\u021bia multispecii, social\u0103 \u0219i de mediu \u0219i analiz\u00e2nd felul \u00een care rela\u021biile de putere \u0219i domina\u021bie fa\u021b\u0103 de alte animale opereaz\u0103 \u00een societate.<\/p>\n<p>Acest studiu urm\u0103re\u0219te cum urbanizarea, privatizarea \u0219i gentrificarea ora\u0219elor marginalizeaz\u0103, alung\u0103, sau chiar elimin\u0103 \u00een \u00eentregime c\u00e2inii care convie\u021buiesc \u00een preajma a\u0219ez\u0103rilor umane. Problematiz\u00e2nd procesele moderne de <em>purificare<\/em>, \u00eempreun\u0103 cu discursurile prezente de \u201ecivilizare&#8221; \u0219i Europenizare a Rom\u00e2niei, aceast\u0103 cercetare arat\u0103 cum c\u00e2inii, a c\u0103ror mobilitate nu este restric\u021bionat\u0103, ajung s\u0103 fie percepu\u021bi adesea ca un pericol public nociv \u0219i sunt astfel aloca\u021bi unor categorii de non-apartenen\u021b\u0103 \u00een ora\u0219e. Cu toate c\u0103 acest lucru nu d\u0103 na\u0219tere numai unor politici ostile, pripite \u0219i ineficiente \u0219i nu instig\u0103 doar la ur\u0103, ci \u0219i la mil\u0103, ac\u021biunile de ajutor care apar ca r\u0103spuns nu duc totodat\u0103 \u0219i la o transformare a spa\u021biului public. Dimpotriv\u0103, acestea continu\u0103 adesea \u0219i ele, indirect, un proiect de antropizare a spa\u021biului mai-mult-dec\u00e2t-uman grup\u00e2nd to\u021bi c\u00e2inii liberi \u00eentr-o categorie omogen\u0103 pentru a fi \u00eenl\u0103tura\u021bi, \u00een acest caz prin mijloace \u201eumane&#8221;, din spa\u021biile \u00een care tr\u0103iesc. Indiferent c\u0103 sunt c\u00e2ini pierdu\u021bi, abandona\u021bi, cu posesor uman, dar care umbl\u0103 liberi, c\u00e2ini bolnavi sau traumatiza\u021bi, c\u00e2ini comunitari, sinantropi, c\u00e2ini nesocializa\u021bi cu oamenii, sau care tr\u0103iesc \u00een libertate de genera\u021bii la r\u00e2nd, to\u021bi c\u00e2inii care tr\u0103iesc \u00een afara propriet\u0103\u021bii private ajung, de cele mai multe ori, s\u0103 fie v\u0103zu\u021bi la fel: un surplus de controlat, st\u0103p\u00e2nit \u0219i \u00eenl\u0103turat.<\/p>\n<p>Explor\u00e2nd rela\u021biile care apar \u00eentre oameni \u0219i c\u00e2ini dintr-o perspectiv\u0103 anti-antropocentric\u0103 \u0219i anti-autoritar\u0103, studiul analizeaz\u0103 critic (bio)politicile care guverneaz\u0103 corpurile \u0219i popula\u021biile acestor c\u00e2ini cu scopul de a propune, \u00een cele din urm\u0103, alte moduri de a rela\u021biona \u0219i convie\u021buii cu ace\u0219tia.<\/p>\n\t<p>Cercetarea exploreaz\u0103 o serie de subiecte conectate \u00eentre ele:<\/p>\n<ul>\n<li>Efectele urbaniz\u0103rii, gentrific\u0103rii, privatiz\u0103rii \u0219i dezvolt\u0103rii umane;<\/li>\n<li>Procesul de purificare \u0219i mediere specific \u201econstitu\u021biei moderne&#8221;;<\/li>\n<li>Biopolitica, controlul popula\u021biilor de c\u00e2ini, suprapopularea, eradicarea, \u00eenl\u0103turarea \u0219i sterilizarea acestora;<\/li>\n<li>Valoriile antropocentrice, speciismul, critica umanismului \u0219i a binarit\u0103\u021biilor specifice modernit\u0103\u021bii;<\/li>\n<li>Diferen\u021bierea dintre spa\u021biul public \u0219i privat, conceptualizarea c\u00e2inilor \u0219i \u00een\u021belegerile prezente a rolului \u0219i locului pe care ace\u0219tia trebuie s\u0103-l ocupe;<\/li>\n<li>Discursul civiliz\u0103rii \u0219i Europeniz\u0103rii specific Rom\u00e2niei;<\/li>\n<li>Drepturile animalelor, at\u00e2t pozitive \u0219i negative, c\u00e2t \u0219i dreptul la ora\u0219 \u0219i ora\u0219ul multispecii;<\/li>\n<li>Abord\u0103ri antispeciiste, anarhiste, \u0219i activiste de rezisten\u021b\u0103 \u0219i dreptate.<\/li>\n<\/ul>","protected":false},"excerpt":{"rendered":"<p>Despre cercetare &#8211; perspective, pozi\u021bii, paradigme &#8211; Aceast\u0103 cercetare adreseaz\u0103 o serie de \u00eentreb\u0103ri politice \u0219i filosofice legate de identit\u0103\u021bile, rolurile, rela\u021biile, spa\u021biile \u0219i imaginariile existente sau posibile dintre oameni \u0219i c\u00e2inii care tr\u0103iesc \u00een libertate. Profund influen\u021bat\u0103 de antispeciismul postumanist, teorii sociale \u0219i politice, orient\u0103ri etologice, ecologice, epistemologice, ontologice, semiotice, istorice \u0219i geografice anti-antropocentrice&hellip;<\/p>","protected":false},"author":1,"featured_media":0,"parent":0,"menu_order":0,"comment_status":"closed","ping_status":"closed","template":"","meta":{"footnotes":""},"class_list":["post-371","page","type-page","status-publish","hentry"],"_links":{"self":[{"href":"https:\/\/gandvagabond.ro\/en\/wp-json\/wp\/v2\/pages\/371","targetHints":{"allow":["GET"]}}],"collection":[{"href":"https:\/\/gandvagabond.ro\/en\/wp-json\/wp\/v2\/pages"}],"about":[{"href":"https:\/\/gandvagabond.ro\/en\/wp-json\/wp\/v2\/types\/page"}],"author":[{"embeddable":true,"href":"https:\/\/gandvagabond.ro\/en\/wp-json\/wp\/v2\/users\/1"}],"replies":[{"embeddable":true,"href":"https:\/\/gandvagabond.ro\/en\/wp-json\/wp\/v2\/comments?post=371"}],"version-history":[{"count":21,"href":"https:\/\/gandvagabond.ro\/en\/wp-json\/wp\/v2\/pages\/371\/revisions"}],"predecessor-version":[{"id":522,"href":"https:\/\/gandvagabond.ro\/en\/wp-json\/wp\/v2\/pages\/371\/revisions\/522"}],"wp:attachment":[{"href":"https:\/\/gandvagabond.ro\/en\/wp-json\/wp\/v2\/media?parent=371"}],"curies":[{"name":"wp","href":"https:\/\/api.w.org\/{rel}","templated":true}]}}