{"id":374,"date":"2022-12-06T13:16:25","date_gmt":"2022-12-06T11:16:25","guid":{"rendered":"https:\/\/gandvagabond.ro\/?page_id=374"},"modified":"2026-04-16T10:16:53","modified_gmt":"2026-04-16T08:16:53","slug":"despre-autor-si-ilustratoare","status":"publish","type":"page","link":"https:\/\/gandvagabond.ro\/en\/despre-autor-si-ilustratoare\/","title":{"rendered":"Autor \u0219i ilustratoare"},"content":{"rendered":"<h2>\n\t\tDespre autor \u0219i ilustratoare\n\t<\/h2>\n<h4>\n\t\t&#8211; scurt\u0103 biografie &#8211;\n\t<\/h4>\n\t\t\t\t<img loading=\"lazy\" decoding=\"async\" src=\"https:\/\/gandvagabond.ro\/wp-content\/uploads\/2022\/11\/Aron-avatar-Aron-blog.png\" alt=\"Aron-avatar-Aron-blog\" itemprop=\"image\" height=\"2000\" width=\"2000\" title=\"Aron-avatar-Aron-blog\" onerror=\"this.style.display='none'\"  \/>\n\t\t\t<a href=\"https:\/\/aronnor.ro\/\" target=\"_blank\" rel=\"noopener\">\n\t\t\t\t\t\t\t<\/a>\n\t\t\t<a href=\"https:\/\/www.instagram.com\/aron.nor\/\" target=\"_blank\" rel=\"noopener\">\n\t\t\t\t\t\t\t<\/a>\n\t\t\t<a href=\"https:\/\/www.facebook.com\/profile.php?id=100040784761322\" target=\"_blank\" rel=\"noopener\">\n\t\t\t\t\t\t\t<\/a>\n<h3>\n\t\tAron Nor\n\t<\/h3>\n\t<p>Aron Nor este un cercet\u0103tor independent \u0219i regizor-artivist autodidact care abordeaz\u0103, \u00een munca \u0219i proiectele sale, diferite \u00eentreb\u0103ri politice \u0219i filosofice legate de identit\u0103\u021bile, rolurile \u0219i rela\u021biile complexe care se formeaz\u0103 \u00eentre oameni \u0219i alte animale.\u00a0Este autorul actualului proiect de cercetare <a href=\"https:\/\/gandvagabond.ro\/en\/\">g\u00e2nd vagabond&#8230;<\/a> unde documenteaz\u0103 \u0219i scrie despre leg\u0103turile dintre oameni \u0219i c\u00e2inii care tr\u0103iesc pe str\u0103zile din Rom\u00e2nia pentru a-\u0219i imagina alte moduri de a convie\u021bui cu ace\u0219tia. Aron este co-fondator al proiectului <a href=\"http:\/\/justwondering.io\">just wondering&#8230;<\/a> unde produce, cerceteaz\u0103, scrie, animeaz\u0103, editeaz\u0103 \u0219i regizeaz\u0103 filme scurte \u0219i eseuri animate hibride despre antispeciism, postumanism, justi\u021bia social\u0103 \u0219i de mediu. \u00cen prezent, tr\u0103ie\u0219te \u00een Hunedoara al\u0103turi de partenera sa, doi c\u0103\u021bei \u0219i cinci pisici, este vegan \u0219i neurodivergent.<\/p>\n<h3>\n\t\tMina Mimosa\n\t<\/h3>\n\t<p>Mina Mimosa este o artist\u0103 vizual\u0103, vegan\u0103 \u0219i feminist\u0103. Este interesat\u0103 de modurile \u00een care arta politic\u0103 poate deveni un mijloc de comunicare pentru imaginarea unei lumi dincolo de capitalism, specul\u00e2nd asupra unui viitor ecofeminist \u0219i antispeciist. \u00cen cadrul proiectului de cercetare <a href=\"https:\/\/gandvagabond.ro\/en\/\">g\u00e2nd vagabond&#8230;<\/a> ilustreaz\u0103 inspirat\u0103 de fotografii documentare \u0219i o estetic\u0103 solarpunk, pornind de la filosofiile \u0219i conceptele abordate, \u00een \u00eencercarea de a reda alte alternative la prezent, \u00een care agentivitatea c\u00e2inilor este recunoscut\u0103. Mina este co-fondatoare a proiectului <a href=\"https:\/\/www.justwondering.io\/\">just wondering&#8230;<\/a> \u00een cadrul c\u0103ruia concepe, deseneaz\u0103 \u0219i animeaz\u0103 eseuri video hibride. Momentan tr\u0103ie\u0219te la Deva \u00eempreun\u0103 cu partenerul ei \u0219i un pisic.<\/p>","protected":false},"excerpt":{"rendered":"<p>Despre autor \u0219i ilustratoare &#8211; scurt\u0103 biografie &#8211; Aron Nor Aron Nor este un cercet\u0103tor independent \u0219i regizor-artivist autodidact care abordeaz\u0103, \u00een munca \u0219i proiectele sale, diferite \u00eentreb\u0103ri politice \u0219i filosofice legate de identit\u0103\u021bile, rolurile \u0219i rela\u021biile complexe care se formeaz\u0103 \u00eentre oameni \u0219i alte animale.\u00a0Este autorul actualului proiect de cercetare g\u00e2nd vagabond&#8230; unde documenteaz\u0103&hellip;<\/p>","protected":false},"author":1,"featured_media":0,"parent":0,"menu_order":0,"comment_status":"closed","ping_status":"closed","template":"","meta":{"footnotes":""},"class_list":["post-374","page","type-page","status-publish","hentry"],"_links":{"self":[{"href":"https:\/\/gandvagabond.ro\/en\/wp-json\/wp\/v2\/pages\/374","targetHints":{"allow":["GET"]}}],"collection":[{"href":"https:\/\/gandvagabond.ro\/en\/wp-json\/wp\/v2\/pages"}],"about":[{"href":"https:\/\/gandvagabond.ro\/en\/wp-json\/wp\/v2\/types\/page"}],"author":[{"embeddable":true,"href":"https:\/\/gandvagabond.ro\/en\/wp-json\/wp\/v2\/users\/1"}],"replies":[{"embeddable":true,"href":"https:\/\/gandvagabond.ro\/en\/wp-json\/wp\/v2\/comments?post=374"}],"version-history":[{"count":58,"href":"https:\/\/gandvagabond.ro\/en\/wp-json\/wp\/v2\/pages\/374\/revisions"}],"predecessor-version":[{"id":727,"href":"https:\/\/gandvagabond.ro\/en\/wp-json\/wp\/v2\/pages\/374\/revisions\/727"}],"wp:attachment":[{"href":"https:\/\/gandvagabond.ro\/en\/wp-json\/wp\/v2\/media?parent=374"}],"curies":[{"name":"wp","href":"https:\/\/api.w.org\/{rel}","templated":true}]}}