{"id":453,"date":"2022-12-08T13:49:22","date_gmt":"2022-12-08T11:49:22","guid":{"rendered":"https:\/\/gandvagabond.ro\/?page_id=453"},"modified":"2023-11-25T13:04:03","modified_gmt":"2023-11-25T11:04:03","slug":"multumiri","status":"publish","type":"page","link":"https:\/\/gandvagabond.ro\/en\/multumiri\/","title":{"rendered":"Mul\u021bumiri"},"content":{"rendered":"<h2>\n\t\tMul\u021bumiri\n\t<\/h2>\n<h4>\n\t\t&#8211; c\u00e2teva cuvinte &#8211;\n\t<\/h4>\n\t\t\t\t<img loading=\"lazy\" decoding=\"async\" src=\"https:\/\/gandvagabond.ro\/wp-content\/uploads\/2022\/12\/dog-sleeping.png\" alt=\"dog sleeping\" itemprop=\"image\" height=\"627\" width=\"1347\" title=\"dog sleeping\" onerror=\"this.style.display='none'\"  \/>\n\t<p>\u00cei mul\u021bumesc \u00een mod special lui Mina Mimosa pentru implicare \u0219i ilustra\u021biile excep\u021bionale care dau via\u021b\u0103 acestui proiect \u0219i Mariei Martelli pentru sprijinul constant oferit, citirea \u0219i revizuirea textelor, traducerea diferitor materiale critice din italian\u0103 \u0219i efortul depus \u00een traducerea articolului \u201eInamicii economiei socialiste, intru\u0219ii civiliza\u021biei occidentale&#8221; \u0219i a c\u0103r\u021bii \u201eEliberarea c\u00e2inelui, coexisten\u021b\u0103 \u0219i rezisten\u021b\u0103: schimb de idei antispeciiste \u00eentre ILC \u0219i Aron Nor&#8221; \u00een italian\u0103.<\/p>\n\t<p>Le sunt profund recunosc\u0103tor celor de la <a href=\"https:\/\/riotdog.noblogs.org\/\">Riot Dog<\/a> \u0219i <a href=\"https:\/\/www.facebook.com\/casafamiglialunacorre\">Lunacorre<\/a> pentru deschiderea \u00eenspre alte moduri de comunicare \u0219i schimbul de idei care a rezultat \u00een publicarea c\u0103r\u021bii \u201eEliberarea c\u00e2inelui, coexisten\u021b\u0103 \u0219i rezisten\u021b\u0103: schimb de idei antispeciiste \u00eentre ILC \u0219i Aron Nor&#8221;. Tot \u00een acest cadru vreau s\u0103-i mul\u021bumesc \u00een special lui Davide Majocchi pentru invita\u021bia ini\u021bial\u0103 de a participa la <a href=\"https:\/\/www.facebook.com\/events\/233383725776411\/\">\u201e\u00cent\u00e2lnirea de eliberare a c\u00e2inilor&#8221; (ILC)<\/a>, pentru prietenia sa, interac\u021biunile dintre noi \u0219i toate ideile care m-au inspirat \u0219i m-au f\u0103cut s\u0103 g\u00e2ndesc diferit anumite lucruri. Nu \u00een cele din urm\u0103, le mul\u021bumesc celor de la <a href=\"https:\/\/pagini-libere.ro\/\">Pagini Libere<\/a> pentru publicarea \u0219i distribuirea c\u0103r\u021bii.<\/p>\n<p>\u00cei mul\u021bumesc editurii <a href=\"https:\/\/fractalia.ro\/\">Fractalia<\/a> pentru publicarea eseului \u201eLocul c\u00e2inelui sinantrop, pozi\u021bii confuze \u0219i politici comune&#8221; \u00een colec\u021bia de bru\u0219uri <a href=\"https:\/\/fractalia.ro\/cunoasteri-de-frontiera\/\"><em>Cunoa\u0219teri de frontier\u0103<\/em><\/a> \u0219i Iuliei Militaru pentru revizuirea textului \u0219i sugestiile utile de editare. \u00cei mul\u021bumesc, de asemenea, revistei antispeciiste <a href=\"http:\/\/www.liberazioni.eu\/\">Liberazioni<\/a> pentru publicarea articolului \u201eInamicii economiei socialiste, intru\u0219ii civiliza\u021biei occidentale&#8221; \u00een italian\u0103 (\u00een num\u0103rul 52 din martie 2023) \u0219i \u00een special lui Federica Timeto pentru revizuirea acestuia \u0219i ajutorul oferit Mariei Martelli \u00een traducerea lui. \u00cei sunt recunosc\u0103tor Mariei Persu, Danielei Custrin \u0219i celor de la <a href=\"https:\/\/speculamag.com\/\">Specula<\/a> pentru propunerea de a scrie un text plec\u00e2nd de la instala\u021bia multimedia \u201eAici a fost odat\u0103 c\u00e2mp&#8221;, pentru publicarea acestuia, suportul \u0219i g\u00e2ndurile oferite.<\/p>\n\t<p>&#8211; Aron<\/p>","protected":false},"excerpt":{"rendered":"<p>Mul\u021bumiri &#8211; c\u00e2teva cuvinte &#8211; \u00cei mul\u021bumesc \u00een mod special lui Mina Mimosa pentru implicare \u0219i ilustra\u021biile excep\u021bionale care dau via\u021b\u0103 acestui proiect \u0219i Mariei Martelli pentru sprijinul constant oferit, citirea \u0219i revizuirea textelor, traducerea diferitor materiale critice din italian\u0103 \u0219i efortul depus \u00een traducerea articolului \u201eInamicii economiei socialiste, intru\u0219ii civiliza\u021biei occidentale&#8221; \u0219i a c\u0103r\u021bii&hellip;<\/p>","protected":false},"author":1,"featured_media":0,"parent":0,"menu_order":0,"comment_status":"closed","ping_status":"closed","template":"","meta":{"footnotes":""},"class_list":["post-453","page","type-page","status-publish","hentry"],"_links":{"self":[{"href":"https:\/\/gandvagabond.ro\/en\/wp-json\/wp\/v2\/pages\/453","targetHints":{"allow":["GET"]}}],"collection":[{"href":"https:\/\/gandvagabond.ro\/en\/wp-json\/wp\/v2\/pages"}],"about":[{"href":"https:\/\/gandvagabond.ro\/en\/wp-json\/wp\/v2\/types\/page"}],"author":[{"embeddable":true,"href":"https:\/\/gandvagabond.ro\/en\/wp-json\/wp\/v2\/users\/1"}],"replies":[{"embeddable":true,"href":"https:\/\/gandvagabond.ro\/en\/wp-json\/wp\/v2\/comments?post=453"}],"version-history":[{"count":16,"href":"https:\/\/gandvagabond.ro\/en\/wp-json\/wp\/v2\/pages\/453\/revisions"}],"predecessor-version":[{"id":670,"href":"https:\/\/gandvagabond.ro\/en\/wp-json\/wp\/v2\/pages\/453\/revisions\/670"}],"wp:attachment":[{"href":"https:\/\/gandvagabond.ro\/en\/wp-json\/wp\/v2\/media?parent=453"}],"curies":[{"name":"wp","href":"https:\/\/api.w.org\/{rel}","templated":true}]}}